{"id":4225,"date":"2025-03-03T05:50:51","date_gmt":"2025-03-03T05:50:51","guid":{"rendered":"https:\/\/strategiclearning.ca\/?page_id=4225"},"modified":"2025-03-03T06:01:03","modified_gmt":"2025-03-03T06:01:03","slug":"adhd","status":"publish","type":"page","link":"https:\/\/strategiclearning.ca\/fr\/adhd\/","title":{"rendered":"ADHD"},"content":{"rendered":"<p><div class=\"fusion-fullwidth fullwidth-box fusion-builder-row-1 fusion-parallax-none nonhundred-percent-fullwidth non-hundred-percent-height-scrolling\" style=\"--awb-background-blend-mode:overlay;--awb-border-sizes-top:0px;--awb-border-sizes-bottom:0px;--awb-border-sizes-left:0px;--awb-border-sizes-right:0px;--awb-border-radius-top-left:0px;--awb-border-radius-top-right:0px;--awb-border-radius-bottom-right:0px;--awb-border-radius-bottom-left:0px;--awb-padding-top:100px;--awb-padding-bottom:65px;--awb-background-color:#d8d7d6;--awb-background-image:url(&quot;https:\/\/strategiclearning.ca\/wp-content\/uploads\/2023\/02\/side-view-school-boy-yellow-shirt-taking-virtual-classes_23-2148766713.jpg&quot;);--awb-background-size:cover;--awb-flex-wrap:wrap;\" ><div class=\"fusion-builder-row fusion-row\"><div class=\"fusion-layout-column fusion_builder_column fusion-builder-column-0 fusion_builder_column_1_6 1_6 fusion-one-sixth fusion-column-first fusion-no-small-visibility\" style=\"--awb-bg-size:cover;width:13.3333%; margin-right: 4%;\"><div class=\"fusion-column-wrapper fusion-flex-column-wrapper-legacy\"><div class=\"fusion-sep-clear\"><\/div><div class=\"fusion-separator fusion-full-width-sep\" style=\"margin-left: auto;margin-right: auto;margin-top:20px;width:100%;\"><\/div><div class=\"fusion-sep-clear\"><\/div><div class=\"fusion-clearfix\"><\/div><\/div><\/div><div class=\"fusion-layout-column fusion_builder_column fusion-builder-column-1 fusion_builder_column_2_3 2_3 fusion-two-third\" style=\"--awb-bg-size:cover;--awb-margin-bottom:30px;width:65.3333%; margin-right: 4%;\"><div class=\"fusion-column-wrapper fusion-flex-column-wrapper-legacy\"><div class=\"fusion-title title fusion-title-1 fusion-sep-none fusion-title-center fusion-title-text fusion-title-size-one\"><h1 class=\"fusion-title-heading title-heading-center fusion-responsive-typography-calculated\" style=\"margin:0;--fontSize:50;line-height:1.15;\"><p class=\"fusion-responsive-typography-calculated\" data-fontsize=\"29\" data-lineheight=\"49.88px\">Tutorat TDAH au CanadaTutorat TDAH au Canada<\/p><\/h1><\/div><div class=\"fusion-text fusion-text-1\"><p style=\"text-align: center;\">Trouble d\u00e9ficitaire de l\u2019attention avec hyperactivit\u00e9. Trouble d\u00e9ficitaire de l\u2019attention avec hyperactivit\u00e9<\/p>\n<\/div><div class=\"fusion-aligncenter\"><a class=\"fusion-button button-flat button-large button-default fusion-button-default button-1 fusion-button-span-no fusion-button-default-type\" target=\"_self\" href=\"https:\/\/strategiclearning.ca\/fr\/contactez-nous\/\"><span class=\"fusion-button-text\">Nous joindre<\/span><\/a><\/div><div class=\"fusion-clearfix\"><\/div><\/div><\/div><div class=\"fusion-layout-column fusion_builder_column fusion-builder-column-2 fusion_builder_column_1_6 1_6 fusion-one-sixth fusion-column-last fusion-no-small-visibility\" style=\"--awb-bg-size:cover;width:13.3333%;\"><div class=\"fusion-column-wrapper fusion-flex-column-wrapper-legacy\"><div class=\"fusion-sep-clear\"><\/div><div class=\"fusion-separator fusion-full-width-sep\" style=\"margin-left: auto;margin-right: auto;margin-top:20px;width:100%;\"><\/div><div class=\"fusion-sep-clear\"><\/div><div class=\"fusion-clearfix\"><\/div><\/div><\/div><\/div><\/div><div class=\"fusion-fullwidth fullwidth-box fusion-builder-row-2 nonhundred-percent-fullwidth non-hundred-percent-height-scrolling\" style=\"--awb-background-position:left top;--awb-border-sizes-top:0px;--awb-border-sizes-bottom:0px;--awb-border-sizes-left:0px;--awb-border-sizes-right:0px;--awb-border-radius-top-left:0px;--awb-border-radius-top-right:0px;--awb-border-radius-bottom-right:0px;--awb-border-radius-bottom-left:0px;--awb-padding-top:80px;--awb-padding-bottom:40px;--awb-flex-wrap:wrap;\" ><div class=\"fusion-builder-row fusion-row\"><div class=\"fusion-layout-column fusion_builder_column fusion-builder-column-3 fusion_builder_column_1_1 1_1 fusion-one-full fusion-column-first fusion-column-last\" style=\"--awb-bg-size:cover;--awb-margin-bottom:30px;\"><div class=\"fusion-column-wrapper fusion-flex-column-wrapper-legacy\"><div class=\"fusion-text fusion-text-2\"><p><strong><b>Qu\u2019est-ce que le trouble d\u00e9ficitaire de l\u2019attention avec hyperactivit\u00e9 ?<\/b><\/strong><\/p>\n<p>Le TDAH (inattention, hyperactivit\u00e9 ou pr\u00e9sentation combin\u00e9e) est le trouble neurod\u00e9veloppemental le plus courant chez les \u00e9l\u00e8ves en classe. Ces enfants peuvent avoir des difficult\u00e9s \u00e0 \u00eatre attentifs, \u00e0 contr\u00f4ler leur comportement impulsif et leurs \u00e9motions, et manquer de comp\u00e9tences importantes en mati\u00e8re de fonctions ex\u00e9cutives.<\/p>\n<p>En classe, les signes peuvent \u00eatre les suivants:<\/p>\n<p>&#8211; r\u00eavasser \/ \u00eatre facilement distrait<\/p>\n<p>&#8211; oublier les instructions et les notions apprises<\/p>\n<p>&#8211; parler \u00e0 ses pairs pendant les cours<\/p>\n<p>&#8211; faire des erreurs d\u2019inattention<\/p>\n<p>&#8211; se tortiller et s\u2019agiter sur son si\u00e8ge<\/p>\n<p>&#8211; avoir des difficult\u00e9s de gestion du temps<\/p>\n<p>&#8211; interrompre les autres<\/p>\n<p>&#8211; incapacit\u00e9 \u00e0 se concentrer sur la t\u00e2che \u00e0 accomplir<\/p>\n<p><strong><b>Quel est l\u2019impact du TDAH sur les habitudes d\u2019apprentissage ?<\/b><\/strong><\/p>\n<p>De nombreux \u00e9l\u00e8ves atteints de TDAH sont diagnostiqu\u00e9s avec un autre trouble, ce qui rend l\u2019apprentissage encore plus difficile. Ils peuvent \u00e9galement souffrir d\u2019anxi\u00e9t\u00e9, de difficult\u00e9s d\u2019apprentissage, de troubles du traitement auditif, de troubles du traitement sensoriel ou d\u2019un trouble oppositionnel avec provocation. Ces troubles pouvant pr\u00e9senter des sympt\u00f4mes similaires, il peut s\u2019av\u00e9rer difficile de poser un diagnostic de TDAH.<\/p>\n<p>Une bonne premi\u00e8re \u00e9tape consisterait \u00e0 tester l\u2019audition et la vision de votre enfant afin d\u2019\u00e9carter d\u2019autres probl\u00e8mes susceptibles d\u2019avoir un impact sur son apprentissage. Pour diagnostiquer le TDAH, il faut g\u00e9n\u00e9ralement remplir une liste de contr\u00f4le des sympt\u00f4mes et recueillir les ant\u00e9c\u00e9dents des parents, des enseignants et d\u2019autres professionnels concern\u00e9s.<\/p>\n<p>Les stimulants ou les m\u00e9dicaments constituent souvent l\u2019option de traitement la plus courante. Toutefois, il est important que vous discutiez avec le m\u00e9decin de votre enfant afin de bien comprendre les choix qui s\u2019offrent \u00e0 vous. Si les m\u00e9dicaments peuvent aider, ils ne sont pas d\u00e9nu\u00e9s d\u2019effets secondaires et de risques potentiels. Comme alternative aux m\u00e9dicaments, votre m\u00e9decin peut vous recommander une th\u00e9rapie comportementale, des conseils ou une formation aux aptitudes sociales. Il est important de noter que les m\u00e9dicaments ne gu\u00e9rissent pas le TDAH et ne r\u00e9solvent pas tous les probl\u00e8mes de comportement et d\u2019apprentissage de votre enfant.<\/p>\n<p><strong>Tutorat pour les \u00e9l\u00e8ves souffrant de TDAH<\/strong><\/p>\n<p>Depuis 2003, la Clinique d\u2019apprentissage strat\u00e9gique met en \u0153uvre le M\u00e9tronome Interactif (MI), un programme d\u2019entra\u00eenement c\u00e9r\u00e9bral visant \u00e0 am\u00e9liorer l\u2019attention et la concentration, la planification motrice, le traitement de l\u2019information et la synchronisation. Le m\u00e9tronome interactif est une approche non m\u00e9dicamenteuse qui aide les \u00e9tudiants \u00e0 mieux traiter et suivre les cours, que ce soit en classe ou \u00e0 l\u2019ext\u00e9rieur.<\/p>\n<p>En tant que parent, faites confiance \u00e0 votre instinct. Si vous pensez que votre enfant souffre de TDAH ou d\u2019un autre trouble de l\u2019apprentissage, agissez sans tarder. Au cours de la recherche d\u2019options de traitement, votre enfant aura besoin que vous soyez son meilleur d\u00e9fenseur. Faites comprendre \u00e0 votre enfant qu\u2019il n\u2019a pas \u00e0 avoir honte. Le TDAH est une maladie, et non un d\u00e9faut de personnalit\u00e9 ou une faiblesse de caract\u00e8re.<\/p>\n<\/div><div class=\"fusion-clearfix\"><\/div><\/div><\/div><\/div><\/div><div class=\"fusion-fullwidth fullwidth-box fusion-builder-row-3 fusion-parallax-none nonhundred-percent-fullwidth non-hundred-percent-height-scrolling\" style=\"--awb-background-blend-mode:overlay;--awb-border-sizes-top:0px;--awb-border-sizes-bottom:0px;--awb-border-sizes-left:0px;--awb-border-sizes-right:0px;--awb-border-radius-top-left:0px;--awb-border-radius-top-right:0px;--awb-border-radius-bottom-right:0px;--awb-border-radius-bottom-left:0px;--awb-padding-top:100px;--awb-padding-bottom:65px;--awb-background-color:#d8d7d6;--awb-background-image:url(&quot;https:\/\/strategiclearning.ca\/wp-content\/uploads\/2023\/02\/preteen-boy-uses-laptop-make-video-call-with-his-teacher-scaled.jpg&quot;);--awb-background-size:cover;--awb-flex-wrap:wrap;\" ><div class=\"fusion-builder-row fusion-row\"><div class=\"fusion-layout-column fusion_builder_column fusion-builder-column-4 fusion_builder_column_1_6 1_6 fusion-one-sixth fusion-column-first fusion-no-small-visibility\" style=\"--awb-bg-size:cover;width:13.3333%; margin-right: 4%;\"><div class=\"fusion-column-wrapper fusion-flex-column-wrapper-legacy\"><div class=\"fusion-sep-clear\"><\/div><div class=\"fusion-separator fusion-full-width-sep\" style=\"margin-left: auto;margin-right: auto;margin-top:20px;width:100%;\"><\/div><div class=\"fusion-sep-clear\"><\/div><div class=\"fusion-clearfix\"><\/div><\/div><\/div><div class=\"fusion-layout-column fusion_builder_column fusion-builder-column-5 fusion_builder_column_2_3 2_3 fusion-two-third\" style=\"--awb-bg-size:cover;--awb-margin-bottom:30px;width:65.3333%; margin-right: 4%;\"><div class=\"fusion-column-wrapper fusion-flex-column-wrapper-legacy\"><div class=\"fusion-title title fusion-title-2 fusion-sep-none fusion-title-center fusion-title-text fusion-title-size-two\"><h2 class=\"fusion-title-heading title-heading-center fusion-responsive-typography-calculated\" style=\"margin:0;--fontSize:29;line-height:1.72;\">Il y a de l\u2019aide au Canada<\/h2><\/div><div class=\"fusion-text fusion-text-3\"><p style=\"text-align: center;\">Si vous pensez que votre enfant souffre de TDAH ou qu\u2019il est confront\u00e9 \u00e0 un autre trouble d\u2019apprentissage, agissez sans tarder. Si vous souhaitez obtenir plus d\u2019informations sur ce programme, contactez le <a href=\"tel: 514-966-1553\">514-966-1553<\/a> ou <a href=\"mailto:info@strategiclearning.ca\">info@strategiclearning.ca<\/a>.<\/p>\n<\/div><div class=\"fusion-aligncenter\"><a class=\"fusion-button button-flat button-large button-default fusion-button-default button-2 fusion-button-span-no fusion-button-default-type\" target=\"_self\" href=\"https:\/\/strategiclearning.ca\/fr\/contactez-nous\/\"><span class=\"fusion-button-text\">Contact Us<\/span><\/a><\/div><div class=\"fusion-clearfix\"><\/div><\/div><\/div><div class=\"fusion-layout-column fusion_builder_column fusion-builder-column-6 fusion_builder_column_1_6 1_6 fusion-one-sixth fusion-column-last fusion-no-small-visibility\" style=\"--awb-bg-size:cover;width:13.3333%;\"><div class=\"fusion-column-wrapper fusion-flex-column-wrapper-legacy\"><div class=\"fusion-sep-clear\"><\/div><div class=\"fusion-separator fusion-full-width-sep\" style=\"margin-left: auto;margin-right: auto;margin-top:20px;width:100%;\"><\/div><div class=\"fusion-sep-clear\"><\/div><div class=\"fusion-clearfix\"><\/div><\/div><\/div><\/div><\/div><\/p>\n","protected":false},"excerpt":{"rendered":"","protected":false},"author":3,"featured_media":0,"parent":0,"menu_order":0,"comment_status":"closed","ping_status":"closed","template":"100-width.php","meta":{"footnotes":""},"class_list":["post-4225","page","type-page","status-publish","hentry"],"yoast_head":"<!-- This site is optimized with the Yoast SEO Premium plugin v26.9 (Yoast SEO v27.4) - https:\/\/yoast.com\/product\/yoast-seo-premium-wordpress\/ -->\n<title>Tutorat professionnel pour les \u00e9l\u00e8ves atteints de TDAH \u00e0 Montr\u00e9al \u2013 Clinique d\u2019apprentissage strat\u00e9gique<\/title>\n<meta name=\"description\" content=\"La Clinique d\u2019apprentissage strat\u00e9gique propose des services de tutorat sp\u00e9cialis\u00e9s pour les \u00e9tudiants souffrant de TDAH. Nos tuteurs experts fournissent un soutien personnalis\u00e9 pour aider les \u00e9tudiants souffrant de TDAH \u00e0 r\u00e9ussir sur le plan acad\u00e9mique.\" \/>\n<meta name=\"robots\" content=\"index, follow, max-snippet:-1, max-image-preview:large, max-video-preview:-1\" \/>\n<link rel=\"canonical\" href=\"https:\/\/strategiclearning.ca\/fr\/adhd\/\" \/>\n<meta property=\"og:locale\" content=\"fr_FR\" \/>\n<meta property=\"og:type\" content=\"article\" \/>\n<meta property=\"og:title\" content=\"ADHD\" \/>\n<meta property=\"og:description\" content=\"La Clinique d\u2019apprentissage strat\u00e9gique propose des services de tutorat sp\u00e9cialis\u00e9s pour les \u00e9tudiants souffrant de TDAH. Nos tuteurs experts fournissent un soutien personnalis\u00e9 pour aider les \u00e9tudiants souffrant de TDAH \u00e0 r\u00e9ussir sur le plan acad\u00e9mique.\" \/>\n<meta property=\"og:url\" content=\"https:\/\/strategiclearning.ca\/fr\/adhd\/\" \/>\n<meta property=\"og:site_name\" content=\"Strategic Learning Clinic - Tutors in Montr\u00e9al\" \/>\n<meta property=\"article:publisher\" content=\"https:\/\/www.facebook.com\/SLCStrategicLearningClinic\" \/>\n<meta property=\"article:modified_time\" content=\"2025-03-03T06:01:03+00:00\" \/>\n<meta name=\"twitter:card\" content=\"summary_large_image\" \/>\n<meta name=\"twitter:label1\" content=\"Dur\u00e9e de lecture estim\u00e9e\" \/>\n\t<meta name=\"twitter:data1\" content=\"3 minutes\" \/>\n<script type=\"application\/ld+json\" class=\"yoast-schema-graph\">{\"@context\":\"https:\\\/\\\/schema.org\",\"@graph\":[{\"@type\":\"WebPage\",\"@id\":\"https:\\\/\\\/strategiclearning.ca\\\/fr\\\/adhd\\\/\",\"url\":\"https:\\\/\\\/strategiclearning.ca\\\/fr\\\/adhd\\\/\",\"name\":\"Tutorat professionnel pour les \u00e9l\u00e8ves atteints de TDAH \u00e0 Montr\u00e9al \u2013 Clinique d\u2019apprentissage strat\u00e9gique\",\"isPartOf\":{\"@id\":\"https:\\\/\\\/strategiclearning.ca\\\/#website\"},\"datePublished\":\"2025-03-03T05:50:51+00:00\",\"dateModified\":\"2025-03-03T06:01:03+00:00\",\"description\":\"La Clinique d\u2019apprentissage strat\u00e9gique propose des services de tutorat sp\u00e9cialis\u00e9s pour les \u00e9tudiants souffrant de TDAH. Nos tuteurs experts fournissent un soutien personnalis\u00e9 pour aider les \u00e9tudiants souffrant de TDAH \u00e0 r\u00e9ussir sur le plan acad\u00e9mique.\",\"breadcrumb\":{\"@id\":\"https:\\\/\\\/strategiclearning.ca\\\/fr\\\/adhd\\\/#breadcrumb\"},\"inLanguage\":\"fr-FR\",\"potentialAction\":[{\"@type\":\"ReadAction\",\"target\":[\"https:\\\/\\\/strategiclearning.ca\\\/fr\\\/adhd\\\/\"]}]},{\"@type\":\"BreadcrumbList\",\"@id\":\"https:\\\/\\\/strategiclearning.ca\\\/fr\\\/adhd\\\/#breadcrumb\",\"itemListElement\":[{\"@type\":\"ListItem\",\"position\":1,\"name\":\"Home\",\"item\":\"https:\\\/\\\/strategiclearning.ca\\\/fr\\\/\"},{\"@type\":\"ListItem\",\"position\":2,\"name\":\"ADHD\"}]},{\"@type\":\"WebSite\",\"@id\":\"https:\\\/\\\/strategiclearning.ca\\\/#website\",\"url\":\"https:\\\/\\\/strategiclearning.ca\\\/\",\"name\":\"Strategic Learning Clinic - Tutors in Montr\u00e9al\",\"description\":\"We plant the seeds for your child\u2019s success at school and in life.\",\"publisher\":{\"@id\":\"https:\\\/\\\/strategiclearning.ca\\\/#organization\"},\"potentialAction\":[{\"@type\":\"SearchAction\",\"target\":{\"@type\":\"EntryPoint\",\"urlTemplate\":\"https:\\\/\\\/strategiclearning.ca\\\/?s={search_term_string}\"},\"query-input\":{\"@type\":\"PropertyValueSpecification\",\"valueRequired\":true,\"valueName\":\"search_term_string\"}}],\"inLanguage\":\"fr-FR\"},{\"@type\":\"Organization\",\"@id\":\"https:\\\/\\\/strategiclearning.ca\\\/#organization\",\"name\":\"Strategic Learning Clinic - Online Tutoring for Kids\",\"url\":\"https:\\\/\\\/strategiclearning.ca\\\/\",\"logo\":{\"@type\":\"ImageObject\",\"inLanguage\":\"fr-FR\",\"@id\":\"https:\\\/\\\/strategiclearning.ca\\\/#\\\/schema\\\/logo\\\/image\\\/\",\"url\":\"https:\\\/\\\/strategiclearning.ca\\\/wp-content\\\/uploads\\\/2018\\\/05\\\/slc-logo.png\",\"contentUrl\":\"https:\\\/\\\/strategiclearning.ca\\\/wp-content\\\/uploads\\\/2018\\\/05\\\/slc-logo.png\",\"width\":299,\"height\":70,\"caption\":\"Strategic Learning Clinic - Online Tutoring for Kids\"},\"image\":{\"@id\":\"https:\\\/\\\/strategiclearning.ca\\\/#\\\/schema\\\/logo\\\/image\\\/\"},\"sameAs\":[\"https:\\\/\\\/www.facebook.com\\\/SLCStrategicLearningClinic\"]}]}<\/script>\n<!-- \/ Yoast SEO Premium plugin. -->","yoast_head_json":{"title":"Tutorat professionnel pour les \u00e9l\u00e8ves atteints de TDAH \u00e0 Montr\u00e9al \u2013 Clinique d\u2019apprentissage strat\u00e9gique","description":"La Clinique d\u2019apprentissage strat\u00e9gique propose des services de tutorat sp\u00e9cialis\u00e9s pour les \u00e9tudiants souffrant de TDAH. Nos tuteurs experts fournissent un soutien personnalis\u00e9 pour aider les \u00e9tudiants souffrant de TDAH \u00e0 r\u00e9ussir sur le plan acad\u00e9mique.","robots":{"index":"index","follow":"follow","max-snippet":"max-snippet:-1","max-image-preview":"max-image-preview:large","max-video-preview":"max-video-preview:-1"},"canonical":"https:\/\/strategiclearning.ca\/fr\/adhd\/","og_locale":"fr_FR","og_type":"article","og_title":"ADHD","og_description":"La Clinique d\u2019apprentissage strat\u00e9gique propose des services de tutorat sp\u00e9cialis\u00e9s pour les \u00e9tudiants souffrant de TDAH. Nos tuteurs experts fournissent un soutien personnalis\u00e9 pour aider les \u00e9tudiants souffrant de TDAH \u00e0 r\u00e9ussir sur le plan acad\u00e9mique.","og_url":"https:\/\/strategiclearning.ca\/fr\/adhd\/","og_site_name":"Strategic Learning Clinic - Tutors in Montr\u00e9al","article_publisher":"https:\/\/www.facebook.com\/SLCStrategicLearningClinic","article_modified_time":"2025-03-03T06:01:03+00:00","twitter_card":"summary_large_image","twitter_misc":{"Dur\u00e9e de lecture estim\u00e9e":"3 minutes"},"schema":{"@context":"https:\/\/schema.org","@graph":[{"@type":"WebPage","@id":"https:\/\/strategiclearning.ca\/fr\/adhd\/","url":"https:\/\/strategiclearning.ca\/fr\/adhd\/","name":"Tutorat professionnel pour les \u00e9l\u00e8ves atteints de TDAH \u00e0 Montr\u00e9al \u2013 Clinique d\u2019apprentissage strat\u00e9gique","isPartOf":{"@id":"https:\/\/strategiclearning.ca\/#website"},"datePublished":"2025-03-03T05:50:51+00:00","dateModified":"2025-03-03T06:01:03+00:00","description":"La Clinique d\u2019apprentissage strat\u00e9gique propose des services de tutorat sp\u00e9cialis\u00e9s pour les \u00e9tudiants souffrant de TDAH. Nos tuteurs experts fournissent un soutien personnalis\u00e9 pour aider les \u00e9tudiants souffrant de TDAH \u00e0 r\u00e9ussir sur le plan acad\u00e9mique.","breadcrumb":{"@id":"https:\/\/strategiclearning.ca\/fr\/adhd\/#breadcrumb"},"inLanguage":"fr-FR","potentialAction":[{"@type":"ReadAction","target":["https:\/\/strategiclearning.ca\/fr\/adhd\/"]}]},{"@type":"BreadcrumbList","@id":"https:\/\/strategiclearning.ca\/fr\/adhd\/#breadcrumb","itemListElement":[{"@type":"ListItem","position":1,"name":"Home","item":"https:\/\/strategiclearning.ca\/fr\/"},{"@type":"ListItem","position":2,"name":"ADHD"}]},{"@type":"WebSite","@id":"https:\/\/strategiclearning.ca\/#website","url":"https:\/\/strategiclearning.ca\/","name":"Strategic Learning Clinic - Tutors in Montr\u00e9al","description":"We plant the seeds for your child\u2019s success at school and in life.","publisher":{"@id":"https:\/\/strategiclearning.ca\/#organization"},"potentialAction":[{"@type":"SearchAction","target":{"@type":"EntryPoint","urlTemplate":"https:\/\/strategiclearning.ca\/?s={search_term_string}"},"query-input":{"@type":"PropertyValueSpecification","valueRequired":true,"valueName":"search_term_string"}}],"inLanguage":"fr-FR"},{"@type":"Organization","@id":"https:\/\/strategiclearning.ca\/#organization","name":"Strategic Learning Clinic - Online Tutoring for Kids","url":"https:\/\/strategiclearning.ca\/","logo":{"@type":"ImageObject","inLanguage":"fr-FR","@id":"https:\/\/strategiclearning.ca\/#\/schema\/logo\/image\/","url":"https:\/\/strategiclearning.ca\/wp-content\/uploads\/2018\/05\/slc-logo.png","contentUrl":"https:\/\/strategiclearning.ca\/wp-content\/uploads\/2018\/05\/slc-logo.png","width":299,"height":70,"caption":"Strategic Learning Clinic - Online Tutoring for Kids"},"image":{"@id":"https:\/\/strategiclearning.ca\/#\/schema\/logo\/image\/"},"sameAs":["https:\/\/www.facebook.com\/SLCStrategicLearningClinic"]}]}},"_links":{"self":[{"href":"https:\/\/strategiclearning.ca\/fr\/wp-json\/wp\/v2\/pages\/4225","targetHints":{"allow":["GET"]}}],"collection":[{"href":"https:\/\/strategiclearning.ca\/fr\/wp-json\/wp\/v2\/pages"}],"about":[{"href":"https:\/\/strategiclearning.ca\/fr\/wp-json\/wp\/v2\/types\/page"}],"author":[{"embeddable":true,"href":"https:\/\/strategiclearning.ca\/fr\/wp-json\/wp\/v2\/users\/3"}],"replies":[{"embeddable":true,"href":"https:\/\/strategiclearning.ca\/fr\/wp-json\/wp\/v2\/comments?post=4225"}],"version-history":[{"count":3,"href":"https:\/\/strategiclearning.ca\/fr\/wp-json\/wp\/v2\/pages\/4225\/revisions"}],"predecessor-version":[{"id":4228,"href":"https:\/\/strategiclearning.ca\/fr\/wp-json\/wp\/v2\/pages\/4225\/revisions\/4228"}],"wp:attachment":[{"href":"https:\/\/strategiclearning.ca\/fr\/wp-json\/wp\/v2\/media?parent=4225"}],"curies":[{"name":"wp","href":"https:\/\/api.w.org\/{rel}","templated":true}]}}